{"id":17189,"date":"2022-07-07T15:18:08","date_gmt":"2022-07-07T13:18:08","guid":{"rendered":"https:\/\/magical-mcclintock.148-251-15-154.plesk.page\/evaluierungslizenz\/"},"modified":"2024-07-15T20:33:18","modified_gmt":"2024-07-15T18:33:18","slug":"evaluierungslizenz","status":"publish","type":"page","link":"https:\/\/www.btc-embedded.com\/de\/evaluierungslizenz\/","title":{"rendered":"Evaluierungslizenz"},"content":{"rendered":"\t\t<div data-elementor-type=\"wp-page\" data-elementor-id=\"17189\" class=\"elementor elementor-17189 elementor-5587\" data-elementor-post-type=\"page\">\n\t\t\t\t<div class=\"elementor-element elementor-element-e2f771a btc-hero e-flex e-con-boxed e-con e-parent\" data-id=\"e2f771a\" data-element_type=\"container\" data-settings=\"{&quot;background_background&quot;:&quot;classic&quot;}\">\n\t\t\t\t\t<div class=\"e-con-inner\">\n\t\t<div class=\"elementor-element elementor-element-d88f8ae e-con-full e-flex e-con e-child\" data-id=\"d88f8ae\" data-element_type=\"container\">\n\t\t\t\t<div class=\"elementor-element elementor-element-5ab8a8c elementor-widget elementor-widget-heading\" data-id=\"5ab8a8c\" data-element_type=\"widget\" data-widget_type=\"heading.default\">\n\t\t\t\t<div class=\"elementor-widget-container\">\n\t\t\t\t\t<h4 class=\"elementor-heading-title elementor-size-default\">BTC EMBEDDEDPlatform<\/h4>\t\t\t\t<\/div>\n\t\t\t\t<\/div>\n\t\t\t\t<div class=\"elementor-element elementor-element-7dbbfbf animated-fast elementor-invisible elementor-widget elementor-widget-heading\" data-id=\"7dbbfbf\" data-element_type=\"widget\" data-settings=\"{&quot;_animation&quot;:&quot;fadeInUp&quot;}\" data-widget_type=\"heading.default\">\n\t\t\t\t<div class=\"elementor-widget-container\">\n\t\t\t\t\t<h1 class=\"elementor-heading-title elementor-size-default\">Evaluierungslizenz<\/h1>\t\t\t\t<\/div>\n\t\t\t\t<\/div>\n\t\t\t\t<div class=\"elementor-element elementor-element-eed5419 elementor-widget elementor-widget-text-editor\" data-id=\"eed5419\" data-element_type=\"widget\" data-widget_type=\"text-editor.default\">\n\t\t\t\t<div class=\"elementor-widget-container\">\n\t\t\t\t\t\t\t\t\t<p>Fordern Sie eine kostenlose Testlizenz an<\/p>\n\t\t\t\t\t\t\t\t<\/div>\n\t\t\t\t<\/div>\n\t\t\t\t<\/div>\n\t\t\t\t\t<\/div>\n\t\t\t\t<\/div>\n\t\t<div class=\"elementor-element elementor-element-813d7a2 e-flex e-con-boxed e-con e-parent\" data-id=\"813d7a2\" data-element_type=\"container\" data-settings=\"{&quot;background_background&quot;:&quot;classic&quot;}\">\n\t\t\t\t\t<div class=\"e-con-inner\">\n\t\t<div class=\"elementor-element elementor-element-57d210a e-con-full e-flex e-con e-child\" data-id=\"57d210a\" data-element_type=\"container\">\n\t\t\t\t<div class=\"elementor-element elementor-element-f8f15e8 elementor-widget elementor-widget-heading\" data-id=\"f8f15e8\" data-element_type=\"widget\" data-widget_type=\"heading.default\">\n\t\t\t\t<div class=\"elementor-widget-container\">\n\t\t\t\t\t<h2 class=\"elementor-heading-title elementor-size-default\">Evaluierungslizenz<\/h2>\t\t\t\t<\/div>\n\t\t\t\t<\/div>\n\t\t\t\t<div class=\"elementor-element elementor-element-6f3aa38 animated-fast elementor-invisible elementor-widget elementor-widget-heading\" data-id=\"6f3aa38\" data-element_type=\"widget\" data-settings=\"{&quot;_animation&quot;:&quot;fadeInUp&quot;}\" data-widget_type=\"heading.default\">\n\t\t\t\t<div class=\"elementor-widget-container\">\n\t\t\t\t\t<h2 class=\"elementor-heading-title elementor-size-default\">Fordern Sie eine kostenlose Evaluierungslizenz an<\/h2>\t\t\t\t<\/div>\n\t\t\t\t<\/div>\n\t\t\t\t<div class=\"elementor-element elementor-element-b4a3a84 elementor-widget elementor-widget-text-editor\" data-id=\"b4a3a84\" data-element_type=\"widget\" data-widget_type=\"text-editor.default\">\n\t\t\t\t<div class=\"elementor-widget-container\">\n\t\t\t\t\t\t\t\t\t<p>Wenn Sie unsere Tools ausprobieren m\u00f6chten, stellen wir Ihnen gerne eine kostenlose Evaluierungslizenz zur Verf\u00fcgung. Die Evaluierungen umfassen einen kostenlosen Einf\u00fchrungsworkshop (vor Ort oder online) und bieten Ihnen au\u00dferdem die M\u00f6glichkeit, sich pers\u00f6nlich mit unseren Support- und Technikteams zu treffen.<\/p>\n\t\t\t\t\t\t\t\t<\/div>\n\t\t\t\t<\/div>\n\t\t\t\t<\/div>\n\t\t\t\t\t<\/div>\n\t\t\t\t<\/div>\n\t\t<div class=\"elementor-element elementor-element-fecc7e4 e-flex e-con-boxed e-con e-parent\" data-id=\"fecc7e4\" data-element_type=\"container\" data-settings=\"{&quot;background_background&quot;:&quot;classic&quot;}\">\n\t\t\t\t\t<div class=\"e-con-inner\">\n\t\t<div class=\"elementor-element elementor-element-57bd0b1 e-con-full e-flex e-con e-child\" data-id=\"57bd0b1\" data-element_type=\"container\">\n\t\t\t\t<div class=\"elementor-element elementor-element-a13b6dd btc-eval-license elementor-button-align-stretch elementor-widget elementor-widget-form\" data-id=\"a13b6dd\" data-element_type=\"widget\" data-settings=\"{&quot;button_width&quot;:&quot;20&quot;,&quot;step_next_label&quot;:&quot;Next&quot;,&quot;step_previous_label&quot;:&quot;Previous&quot;,&quot;step_type&quot;:&quot;number_text&quot;,&quot;step_icon_shape&quot;:&quot;circle&quot;}\" data-widget_type=\"form.default\">\n\t\t\t\t<div class=\"elementor-widget-container\">\n\t\t\t\t\t\t\t<form class=\"elementor-form\" method=\"post\" name=\"New Form\" aria-label=\"New Form\">\n\t\t\t<input type=\"hidden\" name=\"post_id\" value=\"17189\"\/>\n\t\t\t<input type=\"hidden\" name=\"form_id\" value=\"a13b6dd\"\/>\n\t\t\t<input type=\"hidden\" name=\"referer_title\" value=\"\" \/>\n\n\t\t\t\n\t\t\t<div class=\"elementor-form-fields-wrapper elementor-labels-above\">\n\t\t\t\t\t\t\t\t<div class=\"elementor-field-type-text elementor-field-group elementor-column elementor-field-group-name elementor-col-50\">\n\t\t\t\t\t\t\t\t\t\t\t\t<label for=\"form-field-name\" class=\"elementor-field-label\">\n\t\t\t\t\t\t\t\tName\t\t\t\t\t\t\t<\/label>\n\t\t\t\t\t\t\t\t\t\t\t\t\t\t<input size=\"1\" type=\"text\" name=\"form_fields[name]\" id=\"form-field-name\" class=\"elementor-field elementor-size-sm  elementor-field-textual\" placeholder=\"Name\">\n\t\t\t\t\t\t\t\t\t\t\t<\/div>\n\t\t\t\t\t\t\t\t<div class=\"elementor-field-type-text elementor-field-group elementor-column elementor-field-group-email elementor-col-50 elementor-field-required\">\n\t\t\t\t\t\t\t\t\t\t\t\t<label for=\"form-field-email\" class=\"elementor-field-label\">\n\t\t\t\t\t\t\t\tUnternehmen\t\t\t\t\t\t\t<\/label>\n\t\t\t\t\t\t\t\t\t\t\t\t\t\t<input size=\"1\" type=\"text\" name=\"form_fields[email]\" id=\"form-field-email\" class=\"elementor-field elementor-size-sm  elementor-field-textual\" placeholder=\"Unternehmen\" required=\"required\">\n\t\t\t\t\t\t\t\t\t\t\t<\/div>\n\t\t\t\t\t\t\t\t<div class=\"elementor-field-type-text elementor-field-group elementor-column elementor-field-group-field_947e017 elementor-col-50 elementor-field-required\">\n\t\t\t\t\t\t\t\t\t\t\t\t<label for=\"form-field-field_947e017\" class=\"elementor-field-label\">\n\t\t\t\t\t\t\t\tLand\t\t\t\t\t\t\t<\/label>\n\t\t\t\t\t\t\t\t\t\t\t\t\t\t<input size=\"1\" type=\"text\" name=\"form_fields[field_947e017]\" id=\"form-field-field_947e017\" class=\"elementor-field elementor-size-sm  elementor-field-textual\" placeholder=\"Land\" required=\"required\">\n\t\t\t\t\t\t\t\t\t\t\t<\/div>\n\t\t\t\t\t\t\t\t<div class=\"elementor-field-type-email elementor-field-group elementor-column elementor-field-group-field_0da6fea elementor-col-50 elementor-field-required\">\n\t\t\t\t\t\t\t\t\t\t\t\t<label for=\"form-field-field_0da6fea\" class=\"elementor-field-label\">\n\t\t\t\t\t\t\t\tEmail\t\t\t\t\t\t\t<\/label>\n\t\t\t\t\t\t\t\t\t\t\t\t\t\t<input size=\"1\" type=\"email\" name=\"form_fields[field_0da6fea]\" id=\"form-field-field_0da6fea\" class=\"elementor-field elementor-size-sm  elementor-field-textual\" placeholder=\"Email\" required=\"required\">\n\t\t\t\t\t\t\t\t\t\t\t<\/div>\n\t\t\t\t\t\t\t\t<div class=\"elementor-field-type-tel elementor-field-group elementor-column elementor-field-group-field_e33d599 elementor-col-50 elementor-field-required\">\n\t\t\t\t\t\t\t\t\t\t\t\t<label for=\"form-field-field_e33d599\" class=\"elementor-field-label\">\n\t\t\t\t\t\t\t\tTelefon\t\t\t\t\t\t\t<\/label>\n\t\t\t\t\t\t\t\t<input size=\"1\" type=\"tel\" name=\"form_fields[field_e33d599]\" id=\"form-field-field_e33d599\" class=\"elementor-field elementor-size-sm  elementor-field-textual\" placeholder=\"Phone\" required=\"required\" pattern=\"[0-9()#&amp;+*-=.]+\" title=\"Nur Nummern oder Telefon-Zeichen (#, -, *, etc) werden akzeptiert.\">\n\n\t\t\t\t\t\t<\/div>\n\t\t\t\t\t\t\t\t<div class=\"elementor-field-type-text elementor-field-group elementor-column elementor-field-group-field_cf9d747 elementor-col-50\">\n\t\t\t\t\t\t\t\t\t\t\t\t<label for=\"form-field-field_cf9d747\" class=\"elementor-field-label\">\n\t\t\t\t\t\t\t\tEthernet-MAC-Adresse (zur Lizenzgenerierung)\t\t\t\t\t\t\t<\/label>\n\t\t\t\t\t\t\t\t\t\t\t\t\t\t<input size=\"1\" type=\"text\" name=\"form_fields[field_cf9d747]\" id=\"form-field-field_cf9d747\" class=\"elementor-field elementor-size-sm  elementor-field-textual\" placeholder=\"Ethernet-MAC-Adresse\">\n\t\t\t\t\t\t\t\t\t\t\t<\/div>\n\t\t\t\t\t\t\t\t<div class=\"elementor-field-type-checkbox elementor-field-group elementor-column elementor-field-group-field_e831460 elementor-col-100\">\n\t\t\t\t\t\t\t\t\t\t\t\t<label for=\"form-field-field_e831460\" class=\"elementor-field-label\">\n\t\t\t\t\t\t\t\tUse Cases\t\t\t\t\t\t\t<\/label>\n\t\t\t\t\t\t<div class=\"elementor-field-subgroup  \"><span class=\"elementor-field-option\"><input type=\"checkbox\" value=\"Requirements-based Test\" id=\"form-field-field_e831460-0\" name=\"form_fields[field_e831460][]\"> <label for=\"form-field-field_e831460-0\">Requirements-based Test<\/label><\/span><span class=\"elementor-field-option\"><input type=\"checkbox\" value=\"Back-to-Back Test\" id=\"form-field-field_e831460-1\" name=\"form_fields[field_e831460][]\"> <label for=\"form-field-field_e831460-1\">Back-to-Back Test<\/label><\/span><span class=\"elementor-field-option\"><input type=\"checkbox\" value=\"Code Coverage Analysis\" id=\"form-field-field_e831460-2\" name=\"form_fields[field_e831460][]\"> <label for=\"form-field-field_e831460-2\">Code Coverage Analysis<\/label><\/span><span class=\"elementor-field-option\"><input type=\"checkbox\" value=\"Automatic Test Generation\" id=\"form-field-field_e831460-3\" name=\"form_fields[field_e831460][]\"> <label for=\"form-field-field_e831460-3\">Automatic Test Generation<\/label><\/span><span class=\"elementor-field-option\"><input type=\"checkbox\" value=\"Formal Specification\" id=\"form-field-field_e831460-4\" name=\"form_fields[field_e831460][]\"> <label for=\"form-field-field_e831460-4\">Formal Specification<\/label><\/span><span class=\"elementor-field-option\"><input type=\"checkbox\" value=\"Formal Verification for Software-Units\" id=\"form-field-field_e831460-5\" name=\"form_fields[field_e831460][]\"> <label for=\"form-field-field_e831460-5\">Formal Verification for Software-Units<\/label><\/span><span class=\"elementor-field-option\"><input type=\"checkbox\" value=\"Formal Verification on system level (HIL)\" id=\"form-field-field_e831460-6\" name=\"form_fields[field_e831460][]\"> <label for=\"form-field-field_e831460-6\">Formal Verification on system level (HIL)<\/label><\/span><\/div>\t\t\t\t<\/div>\n\t\t\t\t\t\t\t\t<div class=\"elementor-field-group elementor-column elementor-field-type-submit elementor-col-20 e-form__buttons\">\n\t\t\t\t\t<button class=\"elementor-button elementor-size-sm\" type=\"submit\">\n\t\t\t\t\t\t<span class=\"elementor-button-content-wrapper\">\n\t\t\t\t\t\t\t\t\t\t\t\t\t\t\t\t\t\t\t\t\t\t<span class=\"elementor-button-text\">Absenden<\/span>\n\t\t\t\t\t\t\t\t\t\t\t\t\t<\/span>\n\t\t\t\t\t<\/button>\n\t\t\t\t<\/div>\n\t\t\t<\/div>\n\t\t<\/form>\n\t\t\t\t\t\t<\/div>\n\t\t\t\t<\/div>\n\t\t\t\t<\/div>\n\t\t\t\t\t<\/div>\n\t\t\t\t<\/div>\n\t\t\t\t<\/div>\n\t\t","protected":false},"excerpt":{"rendered":"<p>BTC EMBEDDEDPlatform Evaluierungslizenz Fordern Sie eine kostenlose Testlizenz an Evaluierungslizenz Fordern Sie eine kostenlose Evaluierungslizenz an Wenn Sie unsere Tools ausprobieren m\u00f6chten, stellen wir Ihnen gerne eine kostenlose Evaluierungslizenz zur Verf\u00fcgung. Die Evaluierungen umfassen einen kostenlosen Einf\u00fchrungsworkshop (vor Ort oder online) und bieten Ihnen au\u00dferdem die M\u00f6glichkeit, sich pers\u00f6nlich mit unseren Support- und Technikteams zu [&hellip;]<\/p>\n","protected":false},"author":1,"featured_media":0,"parent":0,"menu_order":0,"comment_status":"closed","ping_status":"closed","template":"","meta":{"_acf_changed":false,"inline_featured_image":false,"footnotes":""},"class_list":["post-17189","page","type-page","status-publish","hentry"],"acf":[],"_links":{"self":[{"href":"https:\/\/www.btc-embedded.com\/de\/wp-json\/wp\/v2\/pages\/17189","targetHints":{"allow":["GET"]}}],"collection":[{"href":"https:\/\/www.btc-embedded.com\/de\/wp-json\/wp\/v2\/pages"}],"about":[{"href":"https:\/\/www.btc-embedded.com\/de\/wp-json\/wp\/v2\/types\/page"}],"author":[{"embeddable":true,"href":"https:\/\/www.btc-embedded.com\/de\/wp-json\/wp\/v2\/users\/1"}],"replies":[{"embeddable":true,"href":"https:\/\/www.btc-embedded.com\/de\/wp-json\/wp\/v2\/comments?post=17189"}],"version-history":[{"count":1,"href":"https:\/\/www.btc-embedded.com\/de\/wp-json\/wp\/v2\/pages\/17189\/revisions"}],"predecessor-version":[{"id":17190,"href":"https:\/\/www.btc-embedded.com\/de\/wp-json\/wp\/v2\/pages\/17189\/revisions\/17190"}],"wp:attachment":[{"href":"https:\/\/www.btc-embedded.com\/de\/wp-json\/wp\/v2\/media?parent=17189"}],"curies":[{"name":"wp","href":"https:\/\/api.w.org\/{rel}","templated":true}]}}