{"id":7263,"date":"2022-07-06T21:16:11","date_gmt":"2022-07-06T19:16:11","guid":{"rendered":"https:\/\/zen-cori.138-201-132-86.plesk.page\/impressum\/"},"modified":"2024-07-16T14:54:36","modified_gmt":"2024-07-16T12:54:36","slug":"impressum","status":"publish","type":"page","link":"https:\/\/www.btc-embedded.com\/de\/impressum\/","title":{"rendered":"Impressum"},"content":{"rendered":"\t\t<div data-elementor-type=\"wp-page\" data-elementor-id=\"7263\" class=\"elementor elementor-7263 elementor-6206\" data-elementor-post-type=\"page\">\n\t\t\t\t<div class=\"elementor-element elementor-element-415af85 btc-hero e-flex e-con-boxed e-con e-parent\" data-id=\"415af85\" data-element_type=\"container\" data-settings=\"{&quot;background_background&quot;:&quot;classic&quot;}\">\n\t\t\t\t\t<div class=\"e-con-inner\">\n\t\t<div class=\"elementor-element elementor-element-2725610 e-con-full e-flex e-con e-child\" data-id=\"2725610\" data-element_type=\"container\">\n\t\t\t\t<div class=\"elementor-element elementor-element-158a5ee elementor-widget elementor-widget-heading\" data-id=\"158a5ee\" data-element_type=\"widget\" data-widget_type=\"heading.default\">\n\t\t\t\t<div class=\"elementor-widget-container\">\n\t\t\t\t\t<h4 class=\"elementor-heading-title elementor-size-default\">BTC EMBEDDED systems AG<\/h4>\t\t\t\t<\/div>\n\t\t\t\t<\/div>\n\t\t\t\t<div class=\"elementor-element elementor-element-9f6c3f5 animated-fast elementor-invisible elementor-widget elementor-widget-heading\" data-id=\"9f6c3f5\" data-element_type=\"widget\" data-settings=\"{&quot;_animation&quot;:&quot;fadeInUp&quot;}\" data-widget_type=\"heading.default\">\n\t\t\t\t<div class=\"elementor-widget-container\">\n\t\t\t\t\t<h1 class=\"elementor-heading-title elementor-size-default\">Imprint<\/h1>\t\t\t\t<\/div>\n\t\t\t\t<\/div>\n\t\t\t\t<\/div>\n\t\t\t\t\t<\/div>\n\t\t\t\t<\/div>\n\t\t<div class=\"elementor-element elementor-element-af49744 e-flex e-con-boxed e-con e-parent\" data-id=\"af49744\" data-element_type=\"container\" data-settings=\"{&quot;background_background&quot;:&quot;classic&quot;}\">\n\t\t\t\t\t<div class=\"e-con-inner\">\n\t\t<div class=\"elementor-element elementor-element-71fa7e8 e-con-full e-flex elementor-invisible e-con e-child\" data-id=\"71fa7e8\" data-element_type=\"container\" data-settings=\"{&quot;animation&quot;:&quot;fadeIn&quot;,&quot;animation_delay&quot;:400}\">\n\t\t\t\t<div class=\"elementor-element elementor-element-d179341 elementor-widget elementor-widget-heading\" data-id=\"d179341\" data-element_type=\"widget\" data-widget_type=\"heading.default\">\n\t\t\t\t<div class=\"elementor-widget-container\">\n\t\t\t\t\t<h3 class=\"elementor-heading-title elementor-size-default\">BTC EMBEDDED systems AG<\/h3>\t\t\t\t<\/div>\n\t\t\t\t<\/div>\n\t\t\t\t<div class=\"elementor-element elementor-element-b6ec3a2 elementor-widget elementor-widget-heading\" data-id=\"b6ec3a2\" data-element_type=\"widget\" data-widget_type=\"heading.default\">\n\t\t\t\t<div class=\"elementor-widget-container\">\n\t\t\t\t\t<h2 class=\"elementor-heading-title elementor-size-default\">Imprint<\/h2>\t\t\t\t<\/div>\n\t\t\t\t<\/div>\n\t\t\t\t<div class=\"elementor-element elementor-element-09407ed elementor-widget elementor-widget-text-editor\" data-id=\"09407ed\" data-element_type=\"widget\" data-widget_type=\"text-editor.default\">\n\t\t\t\t<div class=\"elementor-widget-container\">\n\t\t\t\t\t\t\t\t\t<p>BTC Embedded Systems AG<br \/>Gerhard-Stalling-Stra\u00dfe 19<br \/>26135 Oldenburg<br \/>Germany<\/p>\n\t\t\t\t\t\t\t\t<\/div>\n\t\t\t\t<\/div>\n\t\t\t\t<div class=\"elementor-element elementor-element-83ba7e7 elementor-widget elementor-widget-text-editor\" data-id=\"83ba7e7\" data-element_type=\"widget\" data-widget_type=\"text-editor.default\">\n\t\t\t\t<div class=\"elementor-widget-container\">\n\t\t\t\t\t\t\t\t\t<p>T: +49 4 41 96 97 38-0<br \/>M: info@btc-embedded.com<br \/>W: www.btc-embedded.com<\/p>\n\t\t\t\t\t\t\t\t<\/div>\n\t\t\t\t<\/div>\n\t\t\t\t<div class=\"elementor-element elementor-element-b278527 elementor-widget elementor-widget-text-editor\" data-id=\"b278527\" data-element_type=\"widget\" data-widget_type=\"text-editor.default\">\n\t\t\t\t<div class=\"elementor-widget-container\">\n\t\t\t\t\t\t\t\t\tVorstand:\r\n<br>Dr. Udo Brockmeyer (CEO)<br>\r\nHans J\u00fcrgen Holberg\t\t\t\t\t\t\t\t<\/div>\n\t\t\t\t<\/div>\n\t\t\t\t<div class=\"elementor-element elementor-element-8b33bd7 elementor-widget elementor-widget-text-editor\" data-id=\"8b33bd7\" data-element_type=\"widget\" data-widget_type=\"text-editor.default\">\n\t\t\t\t<div class=\"elementor-widget-container\">\n\t\t\t\t\t\t\t\t\t<p>Aufsichtsratsvorsitzender:<br \/>Dr. J\u00f6rg Ritter<\/p>\n\t\t\t\t\t\t\t\t<\/div>\n\t\t\t\t<\/div>\n\t\t\t\t<div class=\"elementor-element elementor-element-49be7ae elementor-widget elementor-widget-text-editor\" data-id=\"49be7ae\" data-element_type=\"widget\" data-widget_type=\"text-editor.default\">\n\t\t\t\t<div class=\"elementor-widget-container\">\n\t\t\t\t\t\t\t\t\tHandelsregister-Nr.: HRB 5174<br>\r\nUmsatzsteuer-ID:  DE224240383\t\t\t\t\t\t\t\t<\/div>\n\t\t\t\t<\/div>\n\t\t\t\t<div class=\"elementor-element elementor-element-73edd96 elementor-widget elementor-widget-text-editor\" data-id=\"73edd96\" data-element_type=\"widget\" data-widget_type=\"text-editor.default\">\n\t\t\t\t<div class=\"elementor-widget-container\">\n\t\t\t\t\t\t\t\t\t<p>Verantwortlich f\u00fcr den Inhalt gem\u00e4\u00df \u00a710 Absatz 3 MDStV:<br \/>Markus Gros<\/p>\n\t\t\t\t\t\t\t\t<\/div>\n\t\t\t\t<\/div>\n\t\t\t\t<div class=\"elementor-element elementor-element-56a6ded elementor-widget elementor-widget-heading\" data-id=\"56a6ded\" data-element_type=\"widget\" data-widget_type=\"heading.default\">\n\t\t\t\t<div class=\"elementor-widget-container\">\n\t\t\t\t\t<h2 class=\"elementor-heading-title elementor-size-default\">Rechtliche Angaben<\/h2>\t\t\t\t<\/div>\n\t\t\t\t<\/div>\n\t\t\t\t<div class=\"elementor-element elementor-element-cab813d elementor-widget elementor-widget-heading\" data-id=\"cab813d\" data-element_type=\"widget\" data-widget_type=\"heading.default\">\n\t\t\t\t<div class=\"elementor-widget-container\">\n\t\t\t\t\t<h3 class=\"elementor-heading-title elementor-size-default\">Nutzungsbedingungen<\/h3>\t\t\t\t<\/div>\n\t\t\t\t<\/div>\n\t\t\t\t<div class=\"elementor-element elementor-element-1dfee90 elementor-widget elementor-widget-text-editor\" data-id=\"1dfee90\" data-element_type=\"widget\" data-widget_type=\"text-editor.default\">\n\t\t\t\t<div class=\"elementor-widget-container\">\n\t\t\t\t\t\t\t\t\t<p>Die BTC Embedded Systems AG freut sich \u00fcber den Besuch dieser Seite und bietet diese Internetseite nur zu Informationszwecken an . Die BTC Embedded Systems AG beh\u00e4lt sich das Recht vor, den Inhalt dieser Internetseiten ohne Vorank\u00fcndigung zu ver\u00e4ndern.<\/p>\n\t\t\t\t\t\t\t\t<\/div>\n\t\t\t\t<\/div>\n\t\t\t\t<div class=\"elementor-element elementor-element-8f2ffeb elementor-widget elementor-widget-heading\" data-id=\"8f2ffeb\" data-element_type=\"widget\" data-widget_type=\"heading.default\">\n\t\t\t\t<div class=\"elementor-widget-container\">\n\t\t\t\t\t<h3 class=\"elementor-heading-title elementor-size-default\">Haftungsausschuss<\/h3>\t\t\t\t<\/div>\n\t\t\t\t<\/div>\n\t\t\t\t<div class=\"elementor-element elementor-element-f3465ac elementor-widget elementor-widget-text-editor\" data-id=\"f3465ac\" data-element_type=\"widget\" data-widget_type=\"text-editor.default\">\n\t\t\t\t<div class=\"elementor-widget-container\">\n\t\t\t\t\t\t\t\t\tDie BTC Embedded Systems AG ist bem\u00fcht, dem Leser fehlerfreie und aktuelle Informationen zu liefern. Dennoch gibt die BTC Embedded Systems AG keine Garantie f\u00fcr die Richtigkeit und Aktualit\u00e4t des Inhalts dieser Seiten und \u00fcbernimmt keine Haftung f\u00fcr Irrt\u00fcmer, Fehler, Unterlassung oder m\u00f6glicherweise \u00fcberholte Daten. Insbesondere ist die BTC Embedded Systems AG nicht verantwortlich f\u00fcr den Inhalt der Seiten, die von dieser Seite verlinkt werden. Des Weiteren \u00fcbernimmt die BTC Embedded Systems AG keine Verantwortung f\u00fcr jegliche Sch\u00e4den, die durch Benutzung und Downloads von dieser Seite entstehen k\u00f6nnten.\r\n\t\t\t\t\t\t\t\t<\/div>\n\t\t\t\t<\/div>\n\t\t\t\t<div class=\"elementor-element elementor-element-6869242 elementor-widget elementor-widget-heading\" data-id=\"6869242\" data-element_type=\"widget\" data-widget_type=\"heading.default\">\n\t\t\t\t<div class=\"elementor-widget-container\">\n\t\t\t\t\t<h3 class=\"elementor-heading-title elementor-size-default\">Copyright<\/h3>\t\t\t\t<\/div>\n\t\t\t\t<\/div>\n\t\t\t\t<div class=\"elementor-element elementor-element-8b34742 elementor-widget elementor-widget-text-editor\" data-id=\"8b34742\" data-element_type=\"widget\" data-widget_type=\"text-editor.default\">\n\t\t\t\t<div class=\"elementor-widget-container\">\n\t\t\t\t\t\t\t\t\t<p>Alle Informationen, die die Webseite von der BTC Embedded Systems AG beinhaltet, unterliegen dem Schutz des Urheberrechts.<\/p>\n\t\t\t\t\t\t\t\t<\/div>\n\t\t\t\t<\/div>\n\t\t\t\t<div class=\"elementor-element elementor-element-6493770 elementor-widget elementor-widget-heading\" data-id=\"6493770\" data-element_type=\"widget\" data-widget_type=\"heading.default\">\n\t\t\t\t<div class=\"elementor-widget-container\">\n\t\t\t\t\t<h3 class=\"elementor-heading-title elementor-size-default\">Eingetragene Warenzeichen<\/h3>\t\t\t\t<\/div>\n\t\t\t\t<\/div>\n\t\t\t\t<div class=\"elementor-element elementor-element-ade3328 elementor-widget elementor-widget-text-editor\" data-id=\"ade3328\" data-element_type=\"widget\" data-widget_type=\"text-editor.default\">\n\t\t\t\t<div class=\"elementor-widget-container\">\n\t\t\t\t\t\t\t\t\t<p>Alle Produkte sowie Servicenamen, die auf dieser Seite erw\u00e4hnt werden, sind eingetragene Warenzeichen ihrer entsprechenden Halter. Die Homepage und all die Daten, Texte, Bilder, Videos oder Audio, die darin enthalten sind, sind nur f\u00fcr den gemeinn\u00fctzigen und Eigengebrauch. Es wird keine Lizenz f\u00fcr den Gebrauch des Logos oder Warenzeichen erteilt, nur weil sie auf der Website zug\u00e4nglich sind.<\/p>\n\t\t\t\t\t\t\t\t<\/div>\n\t\t\t\t<\/div>\n\t\t\t\t<div class=\"elementor-element elementor-element-17afd1b elementor-widget elementor-widget-heading\" data-id=\"17afd1b\" data-element_type=\"widget\" data-widget_type=\"heading.default\">\n\t\t\t\t<div class=\"elementor-widget-container\">\n\t\t\t\t\t<h3 class=\"elementor-heading-title elementor-size-default\">Webdesign &amp; Development<\/h3>\t\t\t\t<\/div>\n\t\t\t\t<\/div>\n\t\t\t\t<div class=\"elementor-element elementor-element-9e9bf44 elementor-widget elementor-widget-text-editor\" data-id=\"9e9bf44\" data-element_type=\"widget\" data-widget_type=\"text-editor.default\">\n\t\t\t\t<div class=\"elementor-widget-container\">\n\t\t\t\t\t\t\t\t\t<p><a href=\"https:\/\/bxw-agency.com\/en\/\" target=\"_blank\" rel=\"noopener\" &quot;title=\"Web Design Agency Berlin\">Webdesign Agentur BxW aus Berlin<\/a><\/p>\n\t\t\t\t\t\t\t\t<\/div>\n\t\t\t\t<\/div>\n\t\t\t\t<\/div>\n\t\t\t\t\t<\/div>\n\t\t\t\t<\/div>\n\t\t\t\t<\/div>\n\t\t","protected":false},"excerpt":{"rendered":"<p>BTC EMBEDDED systems AG Imprint BTC EMBEDDED systems AG Imprint BTC Embedded Systems AGGerhard-Stalling-Stra\u00dfe 1926135 OldenburgGermany T: +49 4 41 96 97 38-0M: info@btc-embedded.comW: www.btc-embedded.com Vorstand: Dr. Udo Brockmeyer (CEO) Hans J\u00fcrgen Holberg Aufsichtsratsvorsitzender:Dr. J\u00f6rg Ritter Handelsregister-Nr.: HRB 5174 Umsatzsteuer-ID: DE224240383 Verantwortlich f\u00fcr den Inhalt gem\u00e4\u00df \u00a710 Absatz 3 MDStV:Markus Gros Rechtliche Angaben Nutzungsbedingungen Die [&hellip;]<\/p>\n","protected":false},"author":1,"featured_media":0,"parent":0,"menu_order":0,"comment_status":"closed","ping_status":"closed","template":"","meta":{"_acf_changed":false,"inline_featured_image":false,"footnotes":""},"class_list":["post-7263","page","type-page","status-publish","hentry"],"acf":[],"_links":{"self":[{"href":"https:\/\/www.btc-embedded.com\/de\/wp-json\/wp\/v2\/pages\/7263","targetHints":{"allow":["GET"]}}],"collection":[{"href":"https:\/\/www.btc-embedded.com\/de\/wp-json\/wp\/v2\/pages"}],"about":[{"href":"https:\/\/www.btc-embedded.com\/de\/wp-json\/wp\/v2\/types\/page"}],"author":[{"embeddable":true,"href":"https:\/\/www.btc-embedded.com\/de\/wp-json\/wp\/v2\/users\/1"}],"replies":[{"embeddable":true,"href":"https:\/\/www.btc-embedded.com\/de\/wp-json\/wp\/v2\/comments?post=7263"}],"version-history":[{"count":2,"href":"https:\/\/www.btc-embedded.com\/de\/wp-json\/wp\/v2\/pages\/7263\/revisions"}],"predecessor-version":[{"id":17209,"href":"https:\/\/www.btc-embedded.com\/de\/wp-json\/wp\/v2\/pages\/7263\/revisions\/17209"}],"wp:attachment":[{"href":"https:\/\/www.btc-embedded.com\/de\/wp-json\/wp\/v2\/media?parent=7263"}],"curies":[{"name":"wp","href":"https:\/\/api.w.org\/{rel}","templated":true}]}}